{"id":858,"date":"2019-08-30T11:11:44","date_gmt":"2019-08-30T11:11:44","guid":{"rendered":"https:\/\/www.integrityicon.org\/?page_id=858"},"modified":"2024-09-06T11:42:12","modified_gmt":"2024-09-06T11:42:12","slug":"actualites","status":"publish","type":"page","link":"https:\/\/integrityicon.org\/es\/niger\/actualites\/","title":{"rendered":"Actualit\u00e9s"},"content":{"rendered":"<div class=\"fusion-fullwidth fullwidth-box fusion-builder-row-1 fusion-flex-container nonhundred-percent-fullwidth non-hundred-percent-height-scrolling\" style=\"--awb-border-radius-top-left:0px;--awb-border-radius-top-right:0px;--awb-border-radius-bottom-right:0px;--awb-border-radius-bottom-left:0px;--awb-flex-wrap:wrap;\" ><div class=\"fusion-builder-row fusion-row fusion-flex-align-items-flex-start fusion-flex-content-wrap\" style=\"max-width:1144px;margin-left: calc(-4% \/ 2 );margin-right: calc(-4% \/ 2 );\"><div class=\"fusion-layout-column fusion_builder_column fusion-builder-column-0 fusion_builder_column_1_1 1_1 fusion-flex-column\" style=\"--awb-bg-size:cover;--awb-width-large:100%;--awb-margin-top-large:0px;--awb-spacing-right-large:1.92%;--awb-margin-bottom-large:20px;--awb-spacing-left-large:1.92%;--awb-width-medium:100%;--awb-order-medium:0;--awb-spacing-right-medium:1.92%;--awb-spacing-left-medium:1.92%;--awb-width-small:100%;--awb-order-small:0;--awb-spacing-right-small:1.92%;--awb-spacing-left-small:1.92%;\"><div class=\"fusion-column-wrapper fusion-column-has-shadow fusion-flex-justify-content-flex-start fusion-content-layout-column\"><div class=\"fusion-blog-shortcode fusion-blog-shortcode-1 fusion-blog-archive fusion-blog-layout-grid-wrapper fusion-blog-pagination\"><style type=\"text\/css\">.fusion-blog-shortcode-1 .fusion-blog-layout-grid .fusion-post-grid{padding:20px;}.fusion-blog-shortcode-1 .fusion-posts-container{margin-left: -20px !important; margin-right:-20px !important;}<\/style><div class=\"fusion-posts-container fusion-posts-container-pagination fusion-blog-layout-grid fusion-blog-layout-grid-3 isotope fusion-blog-equal-heights\" data-pages=\"1\" data-grid-col-space=\"40\" style=\"margin: -20px -20px 0;min-height:500px;\"><article id=\"blog-1-post-3527\" class=\"fusion-post-grid post-3527 post type-post status-publish format-standard has-post-thumbnail hentry category-niger tag-integrity-icon tag-niger tag-niger-news\">\n<div class=\"fusion-post-wrapper\" style=\"background-color:rgba(255,255,255,0);border:1px solid #ebeaea;border-bottom-width:3px;\">\n\n\t\t\t<div class=\"fusion-flexslider flexslider fusion-flexslider-loading fusion-post-slideshow\" style=\"border-color:#ebeaea;\">\n\t\t<ul class=\"slides\">\n\t\t\t\n\t\t\t\t\t\t\t\t\t\t\t\t\t\t<li><div  class=\"fusion-image-wrapper\" aria-haspopup=\"true\">\n\t\t\t\t\t\t\t<a href=\"https:\/\/integrityicon.org\/es\/la-police-nationale-remporte-le-prix-icone-2020\/\" aria-label=\"La Police Nationale remporte le prix ICONE 2020\">\n\t\t\t\t\t\t\t<img decoding=\"async\" width=\"2000\" height=\"1000\" src=\"https:\/\/integrityicon.org\/wp-content\/uploads\/2021\/05\/Niger-Police-Icon.png\" class=\"attachment-full size-full lazyload wp-post-image\" alt=\"\" srcset=\"data:image\/svg+xml,%3Csvg%20xmlns%3D%27http%3A%2F%2Fwww.w3.org%2F2000%2Fsvg%27%20width%3D%272000%27%20height%3D%271000%27%20viewBox%3D%270%200%202000%201000%27%3E%3Crect%20width%3D%272000%27%20height%3D%271000%27%20fill-opacity%3D%220%22%2F%3E%3C%2Fsvg%3E\" data-orig-src=\"https:\/\/integrityicon.org\/wp-content\/uploads\/2021\/05\/Niger-Police-Icon.png\" data-srcset=\"https:\/\/integrityicon.org\/wp-content\/uploads\/2021\/05\/Niger-Police-Icon-200x100.png 200w, https:\/\/integrityicon.org\/wp-content\/uploads\/2021\/05\/Niger-Police-Icon-400x200.png 400w, https:\/\/integrityicon.org\/wp-content\/uploads\/2021\/05\/Niger-Police-Icon-600x300.png 600w, https:\/\/integrityicon.org\/wp-content\/uploads\/2021\/05\/Niger-Police-Icon-800x400.png 800w, https:\/\/integrityicon.org\/wp-content\/uploads\/2021\/05\/Niger-Police-Icon-1200x600.png 1200w, https:\/\/integrityicon.org\/wp-content\/uploads\/2021\/05\/Niger-Police-Icon.png 2000w\" data-sizes=\"auto\" \/>\t\t\t<\/a>\n\t\t\t\t\t\t\t<\/div>\n<\/li>\n\t\t\t\n\t\t\t\n\t\t\t\t\t\t\t\t\t\t\t\t\t\t\t\t\t\t\t\t\t\t\t\t\t\t\t\t\t\t\t\t\t\t\t\t\t\t\t\t\t\t\t\t\t\t\t\t\t\t\t\t\t\t\t\t\t\t\t\t\t\t\t\t\t\t\t\t<\/ul>\n\t<\/div>\n\t<div class=\"fusion-post-content-wrapper\" style=\"padding:30px 25px 20px 25px;\"><div class=\"fusion-post-content post-content\"><h2 class=\"blog-shortcode-post-title entry-title\"><a href=\"https:\/\/integrityicon.org\/es\/la-police-nationale-remporte-le-prix-icone-2020\/\">La Police Nationale remporte le prix ICONE 2020<\/a><\/h2><div class=\"fusion-content-sep sep-double sep-solid\"><\/div><div class=\"fusion-post-content-container\"><p>L\u2019Inspectrice de Police Mme Yahaya Marie Da Silva, Cheffe de Brigade de la Protection des Femmes et des Mineurs \u00e0 la Direction R\u00e9gionale de la Police  [...]<\/p><\/div><\/div><div class=\"fusion-meta-info\"><div class=\"fusion-alignleft\"><a class=\"fusion-read-more\" href=\"https:\/\/integrityicon.org\/es\/la-police-nationale-remporte-le-prix-icone-2020\/\" aria-label=\"More on La Police Nationale remporte le prix ICONE 2020\">Read More<\/a><\/div><\/div><\/div><div class=\"fusion-clearfix\"><\/div><\/div>\n<\/article>\n<article id=\"blog-1-post-2816\" class=\"fusion-post-grid post-2816 post type-post status-publish format-standard has-post-thumbnail hentry category-blog category-news category-niger tag-integrity-icon tag-niger tag-niger-news\">\n<div class=\"fusion-post-wrapper\" style=\"background-color:rgba(255,255,255,0);border:1px solid #ebeaea;border-bottom-width:3px;\">\n\n\t\t\t<div class=\"fusion-flexslider flexslider fusion-flexslider-loading fusion-post-slideshow\" style=\"border-color:#ebeaea;\">\n\t\t<ul class=\"slides\">\n\t\t\t\n\t\t\t\t\t\t\t\t\t\t\t\t\t\t<li><div  class=\"fusion-image-wrapper\" aria-haspopup=\"true\">\n\t\t\t\t\t\t\t<a href=\"https:\/\/integrityicon.org\/es\/la-femme-est-honneur-honneur-est-la-femme\/\" aria-label=\"La femme est  honneur, honneur est la femme\">\n\t\t\t\t\t\t\t<img decoding=\"async\" width=\"949\" height=\"474\" src=\"https:\/\/integrityicon.org\/wp-content\/uploads\/2021\/02\/Screenshot-2021-03-09-at-08.25.53-e1615271195583.png\" class=\"attachment-full size-full lazyload wp-post-image\" alt=\"\" srcset=\"data:image\/svg+xml,%3Csvg%20xmlns%3D%27http%3A%2F%2Fwww.w3.org%2F2000%2Fsvg%27%20width%3D%27949%27%20height%3D%27474%27%20viewBox%3D%270%200%20949%20474%27%3E%3Crect%20width%3D%27949%27%20height%3D%27474%27%20fill-opacity%3D%220%22%2F%3E%3C%2Fsvg%3E\" data-orig-src=\"https:\/\/integrityicon.org\/wp-content\/uploads\/2021\/02\/Screenshot-2021-03-09-at-08.25.53-e1615271195583.png\" data-srcset=\"https:\/\/integrityicon.org\/wp-content\/uploads\/2021\/02\/Screenshot-2021-03-09-at-08.25.53-e1615271195583-200x100.png 200w, https:\/\/integrityicon.org\/wp-content\/uploads\/2021\/02\/Screenshot-2021-03-09-at-08.25.53-e1615271195583-400x200.png 400w, https:\/\/integrityicon.org\/wp-content\/uploads\/2021\/02\/Screenshot-2021-03-09-at-08.25.53-e1615271195583-600x300.png 600w, https:\/\/integrityicon.org\/wp-content\/uploads\/2021\/02\/Screenshot-2021-03-09-at-08.25.53-e1615271195583-800x400.png 800w, https:\/\/integrityicon.org\/wp-content\/uploads\/2021\/02\/Screenshot-2021-03-09-at-08.25.53-e1615271195583.png 949w\" data-sizes=\"auto\" \/>\t\t\t<\/a>\n\t\t\t\t\t\t\t<\/div>\n<\/li>\n\t\t\t\n\t\t\t\n\t\t\t\t\t\t\t\t\t\t\t\t\t\t\t\t\t\t\t\t\t\t\t\t\t\t\t\t\t\t\t\t\t\t\t\t\t\t\t\t\t\t\t\t\t\t\t\t\t\t\t\t\t\t\t\t\t\t\t\t\t\t\t\t\t\t\t\t<\/ul>\n\t<\/div>\n\t<div class=\"fusion-post-content-wrapper\" style=\"padding:30px 25px 20px 25px;\"><div class=\"fusion-post-content post-content\"><h2 class=\"blog-shortcode-post-title entry-title\"><a href=\"https:\/\/integrityicon.org\/es\/la-femme-est-honneur-honneur-est-la-femme\/\">La femme est  honneur, honneur est la femme<\/a><\/h2><div class=\"fusion-content-sep sep-double sep-solid\"><\/div><div class=\"fusion-post-content-container\"><p>HAROUNA DJIBO ALMOKTAR RESPONSABLE DE LA CAMPAGNE INTEGRITY ICON Pendant longtemps, l\u2019organisation sociale et les\u00a0 sp\u00e9cificit\u00e9s conceptuelles et cultu [...]<\/p><\/div><\/div><div class=\"fusion-meta-info\"><div class=\"fusion-alignleft\"><a class=\"fusion-read-more\" href=\"https:\/\/integrityicon.org\/es\/la-femme-est-honneur-honneur-est-la-femme\/\" aria-label=\"More on La femme est  honneur, honneur est la femme\">Read More<\/a><\/div><\/div><\/div><div class=\"fusion-clearfix\"><\/div><\/div>\n<\/article>\n<article id=\"blog-1-post-3185\" class=\"fusion-post-grid post-3185 post type-post status-publish format-standard has-post-thumbnail hentry category-niger tag-anti-corruption tag-integrity-icon tag-niger tag-niger-news\">\n<div class=\"fusion-post-wrapper\" style=\"background-color:rgba(255,255,255,0);border:1px solid #ebeaea;border-bottom-width:3px;\">\n\n\t\t\t<div class=\"fusion-flexslider flexslider fusion-flexslider-loading fusion-post-slideshow\" style=\"border-color:#ebeaea;\">\n\t\t<ul class=\"slides\">\n\t\t\t\n\t\t\t\t\t\t\t\t\t\t\t\t\t\t<li><div  class=\"fusion-image-wrapper\" aria-haspopup=\"true\">\n\t\t\t\t\t\t\t<a href=\"https:\/\/integrityicon.org\/es\/accountability-lab-niger-celebre-lintegrite-au-travail-plusieurs-fonctionnaires-de-letat-honores\/\" aria-label=\"Accountability Lab Niger c\u00e9l\u00e8bre l\u2019int\u00e9grit\u00e9 au travail Plusieurs fonctionnaires de l\u2019Etat honor\u00e9s\">\n\t\t\t\t\t\t\t<img decoding=\"async\" width=\"2000\" height=\"1000\" src=\"https:\/\/integrityicon.org\/wp-content\/uploads\/2021\/03\/Niger-Also-Correct.png\" class=\"attachment-full size-full lazyload wp-post-image\" alt=\"\" srcset=\"data:image\/svg+xml,%3Csvg%20xmlns%3D%27http%3A%2F%2Fwww.w3.org%2F2000%2Fsvg%27%20width%3D%272000%27%20height%3D%271000%27%20viewBox%3D%270%200%202000%201000%27%3E%3Crect%20width%3D%272000%27%20height%3D%271000%27%20fill-opacity%3D%220%22%2F%3E%3C%2Fsvg%3E\" data-orig-src=\"https:\/\/integrityicon.org\/wp-content\/uploads\/2021\/03\/Niger-Also-Correct.png\" data-srcset=\"https:\/\/integrityicon.org\/wp-content\/uploads\/2021\/03\/Niger-Also-Correct-200x100.png 200w, https:\/\/integrityicon.org\/wp-content\/uploads\/2021\/03\/Niger-Also-Correct-400x200.png 400w, https:\/\/integrityicon.org\/wp-content\/uploads\/2021\/03\/Niger-Also-Correct-600x300.png 600w, https:\/\/integrityicon.org\/wp-content\/uploads\/2021\/03\/Niger-Also-Correct-800x400.png 800w, https:\/\/integrityicon.org\/wp-content\/uploads\/2021\/03\/Niger-Also-Correct-1200x600.png 1200w, https:\/\/integrityicon.org\/wp-content\/uploads\/2021\/03\/Niger-Also-Correct.png 2000w\" data-sizes=\"auto\" \/>\t\t\t<\/a>\n\t\t\t\t\t\t\t<\/div>\n<\/li>\n\t\t\t\n\t\t\t\n\t\t\t\t\t\t\t\t\t\t\t\t\t\t\t\t\t\t\t\t\t\t\t\t\t\t\t\t\t\t\t\t\t\t\t\t\t\t\t\t\t\t\t\t\t\t\t\t\t\t\t\t\t\t\t\t\t\t\t\t\t\t\t\t\t\t\t\t<\/ul>\n\t<\/div>\n\t<div class=\"fusion-post-content-wrapper\" style=\"padding:30px 25px 20px 25px;\"><div class=\"fusion-post-content post-content\"><h2 class=\"blog-shortcode-post-title entry-title\"><a href=\"https:\/\/integrityicon.org\/es\/accountability-lab-niger-celebre-lintegrite-au-travail-plusieurs-fonctionnaires-de-letat-honores\/\">Accountability Lab Niger c\u00e9l\u00e8bre l\u2019int\u00e9grit\u00e9 au travail Plusieurs fonctionnaires de l\u2019Etat honor\u00e9s<\/a><\/h2><div class=\"fusion-content-sep sep-double sep-solid\"><\/div><div class=\"fusion-post-content-container\"><p>Le samedi 27 f\u00e9vrier 2021, la repr\u00e9sentation pays de \u2018\u2019Accountabilitylab\u2019\u2019 a proc\u00e9d\u00e9 dans la salle des conf\u00e9rences du mus\u00e9e national Boubou Hama de Ni [...]<\/p><\/div><\/div><div class=\"fusion-meta-info\"><div class=\"fusion-alignleft\"><a class=\"fusion-read-more\" href=\"https:\/\/integrityicon.org\/es\/accountability-lab-niger-celebre-lintegrite-au-travail-plusieurs-fonctionnaires-de-letat-honores\/\" aria-label=\"More on Accountability Lab Niger c\u00e9l\u00e8bre l\u2019int\u00e9grit\u00e9 au travail Plusieurs fonctionnaires de l\u2019Etat honor\u00e9s\">Read More<\/a><\/div><\/div><\/div><div class=\"fusion-clearfix\"><\/div><\/div>\n<\/article>\n<article id=\"blog-1-post-3181\" class=\"fusion-post-grid post-3181 post type-post status-publish format-standard has-post-thumbnail hentry category-niger tag-corruption tag-integrity-icon tag-niger\">\n<div class=\"fusion-post-wrapper\" style=\"background-color:rgba(255,255,255,0);border:1px solid #ebeaea;border-bottom-width:3px;\">\n\n\t\t\t<div class=\"fusion-flexslider flexslider fusion-flexslider-loading fusion-post-slideshow\" style=\"border-color:#ebeaea;\">\n\t\t<ul class=\"slides\">\n\t\t\t\n\t\t\t\t\t\t\t\t\t\t\t\t\t\t<li><div  class=\"fusion-image-wrapper\" aria-haspopup=\"true\">\n\t\t\t\t\t\t\t<a href=\"https:\/\/integrityicon.org\/es\/contribution-du-accountabilitylab-niger-a-la-lutte-contre-la-corruption-au-niger\/\" aria-label=\"Contribution du Accountabilitylab Niger \u00e0 la lutte contre la corruption au Niger\">\n\t\t\t\t\t\t\t<img decoding=\"async\" width=\"2000\" height=\"1000\" src=\"https:\/\/integrityicon.org\/wp-content\/uploads\/2021\/03\/Niger-Correct.png\" class=\"attachment-full size-full lazyload wp-post-image\" alt=\"\" srcset=\"data:image\/svg+xml,%3Csvg%20xmlns%3D%27http%3A%2F%2Fwww.w3.org%2F2000%2Fsvg%27%20width%3D%272000%27%20height%3D%271000%27%20viewBox%3D%270%200%202000%201000%27%3E%3Crect%20width%3D%272000%27%20height%3D%271000%27%20fill-opacity%3D%220%22%2F%3E%3C%2Fsvg%3E\" data-orig-src=\"https:\/\/integrityicon.org\/wp-content\/uploads\/2021\/03\/Niger-Correct.png\" data-srcset=\"https:\/\/integrityicon.org\/wp-content\/uploads\/2021\/03\/Niger-Correct-200x100.png 200w, https:\/\/integrityicon.org\/wp-content\/uploads\/2021\/03\/Niger-Correct-400x200.png 400w, https:\/\/integrityicon.org\/wp-content\/uploads\/2021\/03\/Niger-Correct-600x300.png 600w, https:\/\/integrityicon.org\/wp-content\/uploads\/2021\/03\/Niger-Correct-800x400.png 800w, https:\/\/integrityicon.org\/wp-content\/uploads\/2021\/03\/Niger-Correct-1200x600.png 1200w, https:\/\/integrityicon.org\/wp-content\/uploads\/2021\/03\/Niger-Correct.png 2000w\" data-sizes=\"auto\" \/>\t\t\t<\/a>\n\t\t\t\t\t\t\t<\/div>\n<\/li>\n\t\t\t\n\t\t\t\n\t\t\t\t\t\t\t\t\t\t\t\t\t\t\t\t\t\t\t\t\t\t\t\t\t\t\t\t\t\t\t\t\t\t\t\t\t\t\t\t\t\t\t\t\t\t\t\t\t\t\t\t\t\t\t\t\t\t\t\t\t\t\t\t\t\t\t\t<\/ul>\n\t<\/div>\n\t<div class=\"fusion-post-content-wrapper\" style=\"padding:30px 25px 20px 25px;\"><div class=\"fusion-post-content post-content\"><h2 class=\"blog-shortcode-post-title entry-title\"><a href=\"https:\/\/integrityicon.org\/es\/contribution-du-accountabilitylab-niger-a-la-lutte-contre-la-corruption-au-niger\/\">Contribution du Accountabilitylab Niger \u00e0 la lutte contre la corruption au Niger<\/a><\/h2><div class=\"fusion-content-sep sep-double sep-solid\"><\/div><div class=\"fusion-post-content-container\"><p>En ce 21e si\u00e8cle, l\u2019humanit\u00e9 fait face \u00e0 beaucoup de d\u00e9fis colossaux qui sont devenus chroniques et structurels. Parmi ceuxci on peut citer la corrupt [...]<\/p><\/div><\/div><div class=\"fusion-meta-info\"><div class=\"fusion-alignleft\"><a class=\"fusion-read-more\" href=\"https:\/\/integrityicon.org\/es\/contribution-du-accountabilitylab-niger-a-la-lutte-contre-la-corruption-au-niger\/\" aria-label=\"More on Contribution du Accountabilitylab Niger \u00e0 la lutte contre la corruption au Niger\">Read More<\/a><\/div><\/div><\/div><div class=\"fusion-clearfix\"><\/div><\/div>\n<\/article>\n<div class=\"fusion-clearfix\"><\/div><\/div><\/div><\/div><\/div><\/div><\/div>","protected":false},"excerpt":{"rendered":"","protected":false},"author":19,"featured_media":0,"parent":848,"menu_order":0,"comment_status":"closed","ping_status":"closed","template":"","meta":{"_acf_changed":false,"footnotes":""},"class_list":["post-858","page","type-page","status-publish","hentry"],"acf":[],"yoast_head":"<!-- This site is optimized with the Yoast SEO plugin v26.7 - https:\/\/yoast.com\/wordpress\/plugins\/seo\/ -->\n<title>Actualit\u00e9s | Integrity Icon<\/title>\n<meta name=\"description\" content=\"Stay updated with the latest news from Integrity Icon Niger, showcasing stories of integrity and leadership in Niger\u2019s public service sector.\" \/>\n<meta name=\"robots\" content=\"index, follow, max-snippet:-1, max-image-preview:large, max-video-preview:-1\" \/>\n<link rel=\"canonical\" href=\"https:\/\/integrityicon.org\/es\/niger\/actualites\/\" \/>\n<meta property=\"og:locale\" content=\"es_ES\" \/>\n<meta property=\"og:type\" content=\"article\" \/>\n<meta property=\"og:title\" content=\"Actualit\u00e9s | Integrity Icon\" \/>\n<meta property=\"og:description\" content=\"Stay updated with the latest news from Integrity Icon Niger, showcasing stories of integrity and leadership in Niger\u2019s public service sector.\" \/>\n<meta property=\"og:url\" content=\"https:\/\/integrityicon.org\/es\/niger\/actualites\/\" \/>\n<meta property=\"og:site_name\" content=\"Integrity Icon\" \/>\n<meta property=\"article:modified_time\" content=\"2024-09-06T11:42:12+00:00\" \/>\n<meta property=\"og:image\" content=\"https:\/\/integrityicon.org\/wp-content\/uploads\/2019\/09\/Untitled-design.png\" \/>\n\t<meta property=\"og:image:width\" content=\"1200\" \/>\n\t<meta property=\"og:image:height\" content=\"630\" \/>\n\t<meta property=\"og:image:type\" content=\"image\/png\" \/>\n<meta name=\"twitter:card\" content=\"summary_large_image\" \/>\n<meta name=\"twitter:label1\" content=\"Tiempo de lectura\" \/>\n\t<meta name=\"twitter:data1\" content=\"2 minutos\" \/>\n<script type=\"application\/ld+json\" class=\"yoast-schema-graph\">{\"@context\":\"https:\/\/schema.org\",\"@graph\":[{\"@type\":\"WebPage\",\"@id\":\"https:\/\/integrityicon.org\/niger\/actualites\/\",\"url\":\"https:\/\/integrityicon.org\/niger\/actualites\/\",\"name\":\"Actualit\u00e9s | Integrity Icon\",\"isPartOf\":{\"@id\":\"https:\/\/integrityicon.org\/#website\"},\"datePublished\":\"2019-08-30T11:11:44+00:00\",\"dateModified\":\"2024-09-06T11:42:12+00:00\",\"description\":\"Stay updated with the latest news from Integrity Icon Niger, showcasing stories of integrity and leadership in Niger\u2019s public service sector.\",\"breadcrumb\":{\"@id\":\"https:\/\/integrityicon.org\/niger\/actualites\/#breadcrumb\"},\"inLanguage\":\"es\",\"potentialAction\":[{\"@type\":\"ReadAction\",\"target\":[\"https:\/\/integrityicon.org\/niger\/actualites\/\"]}]},{\"@type\":\"BreadcrumbList\",\"@id\":\"https:\/\/integrityicon.org\/niger\/actualites\/#breadcrumb\",\"itemListElement\":[{\"@type\":\"ListItem\",\"position\":1,\"name\":\"Home\",\"item\":\"https:\/\/integrityicon.org\/\"},{\"@type\":\"ListItem\",\"position\":2,\"name\":\"Niger\",\"item\":\"https:\/\/integrityicon.org\/niger\/\"},{\"@type\":\"ListItem\",\"position\":3,\"name\":\"Actualit\u00e9s\"}]},{\"@type\":\"WebSite\",\"@id\":\"https:\/\/integrityicon.org\/#website\",\"url\":\"https:\/\/integrityicon.org\/\",\"name\":\"Integrity Icon\",\"description\":\"Integrity Icon\",\"potentialAction\":[{\"@type\":\"SearchAction\",\"target\":{\"@type\":\"EntryPoint\",\"urlTemplate\":\"https:\/\/integrityicon.org\/?s={search_term_string}\"},\"query-input\":{\"@type\":\"PropertyValueSpecification\",\"valueRequired\":true,\"valueName\":\"search_term_string\"}}],\"inLanguage\":\"es\"}]}<\/script>\n<!-- \/ Yoast SEO plugin. -->","yoast_head_json":{"title":"Actualit\u00e9s | Integrity Icon","description":"Stay updated with the latest news from Integrity Icon Niger, showcasing stories of integrity and leadership in Niger\u2019s public service sector.","robots":{"index":"index","follow":"follow","max-snippet":"max-snippet:-1","max-image-preview":"max-image-preview:large","max-video-preview":"max-video-preview:-1"},"canonical":"https:\/\/integrityicon.org\/es\/niger\/actualites\/","og_locale":"es_ES","og_type":"article","og_title":"Actualit\u00e9s | Integrity Icon","og_description":"Stay updated with the latest news from Integrity Icon Niger, showcasing stories of integrity and leadership in Niger\u2019s public service sector.","og_url":"https:\/\/integrityicon.org\/es\/niger\/actualites\/","og_site_name":"Integrity Icon","article_modified_time":"2024-09-06T11:42:12+00:00","og_image":[{"width":1200,"height":630,"url":"https:\/\/integrityicon.org\/wp-content\/uploads\/2019\/09\/Untitled-design.png","type":"image\/png"}],"twitter_card":"summary_large_image","twitter_misc":{"Tiempo de lectura":"2 minutos"},"schema":{"@context":"https:\/\/schema.org","@graph":[{"@type":"WebPage","@id":"https:\/\/integrityicon.org\/niger\/actualites\/","url":"https:\/\/integrityicon.org\/niger\/actualites\/","name":"Actualit\u00e9s | Integrity Icon","isPartOf":{"@id":"https:\/\/integrityicon.org\/#website"},"datePublished":"2019-08-30T11:11:44+00:00","dateModified":"2024-09-06T11:42:12+00:00","description":"Stay updated with the latest news from Integrity Icon Niger, showcasing stories of integrity and leadership in Niger\u2019s public service sector.","breadcrumb":{"@id":"https:\/\/integrityicon.org\/niger\/actualites\/#breadcrumb"},"inLanguage":"es","potentialAction":[{"@type":"ReadAction","target":["https:\/\/integrityicon.org\/niger\/actualites\/"]}]},{"@type":"BreadcrumbList","@id":"https:\/\/integrityicon.org\/niger\/actualites\/#breadcrumb","itemListElement":[{"@type":"ListItem","position":1,"name":"Home","item":"https:\/\/integrityicon.org\/"},{"@type":"ListItem","position":2,"name":"Niger","item":"https:\/\/integrityicon.org\/niger\/"},{"@type":"ListItem","position":3,"name":"Actualit\u00e9s"}]},{"@type":"WebSite","@id":"https:\/\/integrityicon.org\/#website","url":"https:\/\/integrityicon.org\/","name":"Integrity Icon","description":"Integrity Icon","potentialAction":[{"@type":"SearchAction","target":{"@type":"EntryPoint","urlTemplate":"https:\/\/integrityicon.org\/?s={search_term_string}"},"query-input":{"@type":"PropertyValueSpecification","valueRequired":true,"valueName":"search_term_string"}}],"inLanguage":"es"}]}},"_links":{"self":[{"href":"https:\/\/integrityicon.org\/es\/wp-json\/wp\/v2\/pages\/858","targetHints":{"allow":["GET"]}}],"collection":[{"href":"https:\/\/integrityicon.org\/es\/wp-json\/wp\/v2\/pages"}],"about":[{"href":"https:\/\/integrityicon.org\/es\/wp-json\/wp\/v2\/types\/page"}],"author":[{"embeddable":true,"href":"https:\/\/integrityicon.org\/es\/wp-json\/wp\/v2\/users\/19"}],"replies":[{"embeddable":true,"href":"https:\/\/integrityicon.org\/es\/wp-json\/wp\/v2\/comments?post=858"}],"version-history":[{"count":3,"href":"https:\/\/integrityicon.org\/es\/wp-json\/wp\/v2\/pages\/858\/revisions"}],"predecessor-version":[{"id":8020,"href":"https:\/\/integrityicon.org\/es\/wp-json\/wp\/v2\/pages\/858\/revisions\/8020"}],"up":[{"embeddable":true,"href":"https:\/\/integrityicon.org\/es\/wp-json\/wp\/v2\/pages\/848"}],"wp:attachment":[{"href":"https:\/\/integrityicon.org\/es\/wp-json\/wp\/v2\/media?parent=858"}],"curies":[{"name":"wp","href":"https:\/\/api.w.org\/{rel}","templated":true}]}}