{"id":1307,"date":"2019-12-04T08:42:41","date_gmt":"2019-12-04T08:42:41","guid":{"rendered":"https:\/\/www.integrityicon.org\/?page_id=1307"},"modified":"2024-09-06T12:08:59","modified_gmt":"2024-09-06T12:08:59","slug":"vota","status":"publish","type":"page","link":"https:\/\/integrityicon.org\/es\/vota\/","title":{"rendered":"Vota"},"content":{"rendered":"<div class=\"fusion-fullwidth fullwidth-box fusion-builder-row-1 nonhundred-percent-fullwidth non-hundred-percent-height-scrolling\" style=\"--awb-border-radius-top-left:0px;--awb-border-radius-top-right:0px;--awb-border-radius-bottom-right:0px;--awb-border-radius-bottom-left:0px;--awb-flex-wrap:wrap;\" ><div class=\"fusion-builder-row fusion-row\"><div class=\"fusion-layout-column fusion_builder_column fusion-builder-column-0 fusion_builder_column_1_1 1_1 fusion-one-full fusion-column-first fusion-column-last\" style=\"--awb-bg-size:cover;\"><div class=\"fusion-column-wrapper fusion-column-has-shadow fusion-flex-column-wrapper-legacy\"><div class=\"fusion-text fusion-text-1\"><div class=\"frm_forms  with_frm_style frm_style_formidable-style\" id=\"frm_form_7_container\" >\n<form enctype=\"multipart\/form-data\" method=\"post\" class=\"frm-show-form  frm_pro_form\" id=\"form_chooseiconspanish\" action=\"\" >\n<div class=\"frm_form_fields\">\n<fieldset>\n<legend class=\"frm_screen_reader\">Votaci\u00f3n<\/legend>\r\n<h3 class=\"frm_form_title\">Votaci\u00f3n<\/h3>\r\n<div class=\"frm_description\"><p>Por favor, seleccione su pa\u00eds a continuaci\u00f3n para votar por un candidato.<\/p>\n<\/div><div class=\"frm_fields_container\">\n<input type=\"hidden\" name=\"frm_action\" value=\"create\" \/>\n<input type=\"hidden\" name=\"form_id\" value=\"7\" \/>\n<input type=\"hidden\" name=\"frm_hide_fields_7\" id=\"frm_hide_fields_7\" value=\"\" \/>\n<input type=\"hidden\" name=\"form_key\" value=\"chooseiconspanish\" \/>\n<input type=\"hidden\" name=\"item_meta[0]\" value=\"\" \/>\n<input type=\"hidden\" id=\"frm_submit_entry_7\" name=\"frm_submit_entry_7\" value=\"6cacc33b4d\" \/><input type=\"hidden\" name=\"_wp_http_referer\" value=\"\/es\/wp-json\/wp\/v2\/pages\/1307\" \/><div id=\"frm_field_79_container\" class=\"frm_form_field form-field  frm_top_container frm_half frm_first\">\r\n    <label for=\"field_4vwie2\" id=\"field_4vwie2_label\" class=\"frm_primary_label\">Pa\u00eds\r\n        <span class=\"frm_required\"><\/span>\r\n    <\/label>\r\n    \t\t<select name=\"item_meta[79]\" id=\"field_4vwie2\"  data-invmsg=\"Pa\u00eds no es v\u00e1lido\" aria-invalid=\"false\"  >\n\t\t<option  value=\"Seleccione un pa\u00eds\">Seleccione un pa\u00eds<\/option><option  value=\"Mexico\">Mexico<\/option>\t<\/select>\n\t\r\n    \r\n    \r\n<\/div>\n<div id=\"frm_field_84_container\" class=\"frm_form_field form-field  frm_top_container horizontal_radio\">\r\n    <div  id=\"field_l9yiu2_label\" class=\"frm_primary_label\">Seleccionar candidato\r\n        <span class=\"frm_required\"><\/span>\r\n    <\/div>\r\n    <div class=\"frm_opt_container\" aria-labelledby=\"field_l9yiu2_label\" role=\"radiogroup\">\t\t<div class=\"frm_radio\" id=\"frm_radio_84-0\">\t\t\t<label  for=\"field_l9yiu2-0\">\n\t\t\t\t\t<input type=\"radio\" name=\"item_meta[84]\" id=\"field_l9yiu2-0\" value=\"Aura Er\u00e9ndira Mart\u00ednez Oriol\"\n\t\t   data-invmsg=\"Seleccionar candidato no es v\u00e1lido\"  \/> Aura Er\u00e9ndira Mart\u00ednez Oriol <br><img class=\"lazyload\" decoding=\"async\" src=\"data:image\/svg+xml,%3Csvg%20xmlns%3D%27http%3A%2F%2Fwww.w3.org%2F2000%2Fsvg%27%20width%3D%27350%27%20height%3D%27350%27%20viewBox%3D%270%200%20350%20350%27%3E%3Crect%20width%3D%27350%27%20height%3D%27350%27%20fill-opacity%3D%220%22%2F%3E%3C%2Fsvg%3E\" data-orig-src=\"https:\/\/integrityicon.org\/wp-content\/uploads\/2019\/11\/ic-mexico-stills-aura-03-e1574421445134.png\" \/><\/label><\/div>\n\t\t<div class=\"frm_radio\" id=\"frm_radio_84-1\">\t\t\t<label  for=\"field_l9yiu2-1\">\n\t\t\t\t\t<input type=\"radio\" name=\"item_meta[84]\" id=\"field_l9yiu2-1\" value=\"H\u00e9ctor Agust\u00edn G\u00e1lvez L\u00f3pez\"\n\t\t   data-invmsg=\"Seleccionar candidato no es v\u00e1lido\"  \/> H\u00e9ctor Agust\u00edn G\u00e1lvez L\u00f3pez <br><img class=\"lazyload\" decoding=\"async\" src=\"data:image\/svg+xml,%3Csvg%20xmlns%3D%27http%3A%2F%2Fwww.w3.org%2F2000%2Fsvg%27%20width%3D%27350%27%20height%3D%27350%27%20viewBox%3D%270%200%20350%20350%27%3E%3Crect%20width%3D%27350%27%20height%3D%27350%27%20fill-opacity%3D%220%22%2F%3E%3C%2Fsvg%3E\" data-orig-src=\"https:\/\/integrityicon.org\/wp-content\/uploads\/2019\/11\/ic-mexico-stills-hector-09-e1574421526518.png\" \/><\/label><\/div>\n\t\t<div class=\"frm_radio\" id=\"frm_radio_84-2\">\t\t\t<label  for=\"field_l9yiu2-2\">\n\t\t\t\t\t<input type=\"radio\" name=\"item_meta[84]\" id=\"field_l9yiu2-2\" value=\"Jabnely Maldonado Meza\"\n\t\t   data-invmsg=\"Seleccionar candidato no es v\u00e1lido\"  \/> Jabnely Maldonado Meza <br><img class=\"lazyload\" decoding=\"async\" src=\"data:image\/svg+xml,%3Csvg%20xmlns%3D%27http%3A%2F%2Fwww.w3.org%2F2000%2Fsvg%27%20width%3D%27350%27%20height%3D%27350%27%20viewBox%3D%270%200%20350%20350%27%3E%3Crect%20width%3D%27350%27%20height%3D%27350%27%20fill-opacity%3D%220%22%2F%3E%3C%2Fsvg%3E\" data-orig-src=\"https:\/\/integrityicon.org\/wp-content\/uploads\/2019\/11\/ic-mexico-stills-jabnely-02-e1574421597936.png\" \/><\/label><\/div>\n\t\t<div class=\"frm_radio\" id=\"frm_radio_84-3\">\t\t\t<label  for=\"field_l9yiu2-3\">\n\t\t\t\t\t<input type=\"radio\" name=\"item_meta[84]\" id=\"field_l9yiu2-3\" value=\"Janet de Luna Jim\u00e9nez\"\n\t\t   data-invmsg=\"Seleccionar candidato no es v\u00e1lido\"  \/> Janet de Luna Jim\u00e9nez <br><img class=\"lazyload\" decoding=\"async\" src=\"data:image\/svg+xml,%3Csvg%20xmlns%3D%27http%3A%2F%2Fwww.w3.org%2F2000%2Fsvg%27%20width%3D%27350%27%20height%3D%27350%27%20viewBox%3D%270%200%20350%20350%27%3E%3Crect%20width%3D%27350%27%20height%3D%27350%27%20fill-opacity%3D%220%22%2F%3E%3C%2Fsvg%3E\" data-orig-src=\"https:\/\/integrityicon.org\/wp-content\/uploads\/2019\/11\/ic-mexico-stills-janet-03-e1574421646711.png\" \/><\/label><\/div>\n\t\t<div class=\"frm_radio\" id=\"frm_radio_84-4\">\t\t\t<label  for=\"field_l9yiu2-4\">\n\t\t\t\t\t<input type=\"radio\" name=\"item_meta[84]\" id=\"field_l9yiu2-4\" value=\"Pedro Correa Espinosa\"\n\t\t   data-invmsg=\"Seleccionar candidato no es v\u00e1lido\"  \/> Pedro Correa Espinosa <br><img class=\"lazyload\" decoding=\"async\" src=\"data:image\/svg+xml,%3Csvg%20xmlns%3D%27http%3A%2F%2Fwww.w3.org%2F2000%2Fsvg%27%20width%3D%27350%27%20height%3D%27350%27%20viewBox%3D%270%200%20350%20350%27%3E%3Crect%20width%3D%27350%27%20height%3D%27350%27%20fill-opacity%3D%220%22%2F%3E%3C%2Fsvg%3E\" data-orig-src=\"https:\/\/integrityicon.org\/wp-content\/uploads\/2019\/11\/ic-mexico-stills-pedro-08-e1574421699487.png\" \/><\/label><\/div>\n<\/div>\r\n    \r\n    \r\n<\/div>\n<div id=\"frm_field_86_container\" class=\"frm_form_field form-field  frm_top_container frm_first frm_half\">\r\n    <label for=\"field_ylr0d2\" id=\"field_ylr0d2_label\" class=\"frm_primary_label\">Direcci\u00f3n de correo electr\u00f3nico\r\n        <span class=\"frm_required\"><\/span>\r\n    <\/label>\r\n    <input type=\"email\" id=\"field_ylr0d2\" name=\"item_meta[86]\" value=\"\"  data-invmsg=\"Email is invalid\" aria-invalid=\"false\"   aria-describedby=\"frm_desc_field_ylr0d2\"\/>\r\n    <div class=\"frm_description\" id=\"frm_desc_field_ylr0d2\">Por favor, introduzca su direcci\u00f3n de correo electr\u00f3nico<\/div>\r\n    \r\n<\/div>\n\t<input type=\"hidden\" name=\"item_key\" value=\"\" \/>\n\t\t\t<div id=\"frm_field_259_container\">\n\t\t\t<label for=\"field_yw1jc\" >\n\t\t\t\tSi eres humano, deja este campo en blanco.\t\t\t<\/label>\n\t\t\t<input  id=\"field_yw1jc\" type=\"text\" class=\"frm_form_field form-field frm_verify\" name=\"item_meta[259]\" value=\"\"  \/>\n\t\t<\/div>\n\t\t<input name=\"frm_state\" type=\"hidden\" value=\"Ijvf4BcAlV84onXcXLE77iz3CEtwN1MJLLVX\/TyeYwYnpSml57j9jHpFAOErr7jg\" \/><div class=\"frm_submit\">\r\n\r\n<button class=\"frm_button_submit frm_final_submit\" type=\"submit\"   formnovalidate=\"formnovalidate\">Enviar<\/button>\r\n\r\n<\/div><\/div>\n<\/fieldset>\n<\/div>\n\n<input type=\"hidden\" name=\"trp-form-language\" value=\"es\"\/><\/form>\n<\/div>\n\n<\/div><div class=\"fusion-clearfix\"><\/div><\/div><\/div><\/div><\/div>","protected":false},"excerpt":{"rendered":"","protected":false},"author":19,"featured_media":0,"parent":0,"menu_order":0,"comment_status":"closed","ping_status":"closed","template":"","meta":{"_acf_changed":false,"footnotes":""},"class_list":["post-1307","page","type-page","status-publish","hentry"],"acf":[],"yoast_head":"<!-- This site is optimized with the Yoast SEO plugin v26.7 - https:\/\/yoast.com\/wordpress\/plugins\/seo\/ -->\n<title>Vota | Integrity Icon<\/title>\n<meta name=\"description\" content=\"Cast your vote for your favourite candidate in Integrity Icon, celebrating public servants who promote integrity, transparency, and positive change worldwide.\" \/>\n<meta name=\"robots\" content=\"index, follow, max-snippet:-1, max-image-preview:large, max-video-preview:-1\" \/>\n<link rel=\"canonical\" href=\"https:\/\/integrityicon.org\/es\/vota\/\" \/>\n<meta property=\"og:locale\" content=\"es_ES\" \/>\n<meta property=\"og:type\" content=\"article\" \/>\n<meta property=\"og:title\" content=\"Vota | Integrity Icon\" \/>\n<meta property=\"og:description\" content=\"Cast your vote for your favourite candidate in Integrity Icon, celebrating public servants who promote integrity, transparency, and positive change worldwide.\" \/>\n<meta property=\"og:url\" content=\"https:\/\/integrityicon.org\/es\/vota\/\" \/>\n<meta property=\"og:site_name\" content=\"Integrity Icon\" \/>\n<meta property=\"article:modified_time\" content=\"2024-09-06T12:08:59+00:00\" \/>\n<meta property=\"og:image\" content=\"https:\/\/integrityicon.org\/wp-content\/uploads\/2019\/09\/Untitled-design.png\" \/>\n\t<meta property=\"og:image:width\" content=\"1200\" \/>\n\t<meta property=\"og:image:height\" content=\"630\" \/>\n\t<meta property=\"og:image:type\" content=\"image\/png\" \/>\n<meta name=\"twitter:card\" content=\"summary_large_image\" \/>\n<meta name=\"twitter:label1\" content=\"Tiempo de lectura\" \/>\n\t<meta name=\"twitter:data1\" content=\"1 minuto\" \/>\n<script type=\"application\/ld+json\" class=\"yoast-schema-graph\">{\"@context\":\"https:\/\/schema.org\",\"@graph\":[{\"@type\":\"WebPage\",\"@id\":\"https:\/\/integrityicon.org\/vota\/\",\"url\":\"https:\/\/integrityicon.org\/vota\/\",\"name\":\"Vota | Integrity Icon\",\"isPartOf\":{\"@id\":\"https:\/\/integrityicon.org\/#website\"},\"datePublished\":\"2019-12-04T08:42:41+00:00\",\"dateModified\":\"2024-09-06T12:08:59+00:00\",\"description\":\"Cast your vote for your favourite candidate in Integrity Icon, celebrating public servants who promote integrity, transparency, and positive change worldwide.\",\"breadcrumb\":{\"@id\":\"https:\/\/integrityicon.org\/vota\/#breadcrumb\"},\"inLanguage\":\"es\",\"potentialAction\":[{\"@type\":\"ReadAction\",\"target\":[\"https:\/\/integrityicon.org\/vota\/\"]}]},{\"@type\":\"BreadcrumbList\",\"@id\":\"https:\/\/integrityicon.org\/vota\/#breadcrumb\",\"itemListElement\":[{\"@type\":\"ListItem\",\"position\":1,\"name\":\"Home\",\"item\":\"https:\/\/integrityicon.org\/\"},{\"@type\":\"ListItem\",\"position\":2,\"name\":\"Vota\"}]},{\"@type\":\"WebSite\",\"@id\":\"https:\/\/integrityicon.org\/#website\",\"url\":\"https:\/\/integrityicon.org\/\",\"name\":\"Integrity Icon\",\"description\":\"Integrity Icon\",\"potentialAction\":[{\"@type\":\"SearchAction\",\"target\":{\"@type\":\"EntryPoint\",\"urlTemplate\":\"https:\/\/integrityicon.org\/?s={search_term_string}\"},\"query-input\":{\"@type\":\"PropertyValueSpecification\",\"valueRequired\":true,\"valueName\":\"search_term_string\"}}],\"inLanguage\":\"es\"}]}<\/script>\n<!-- \/ Yoast SEO plugin. -->","yoast_head_json":{"title":"Vota | Integrity Icon","description":"Cast your vote for your favourite candidate in Integrity Icon, celebrating public servants who promote integrity, transparency, and positive change worldwide.","robots":{"index":"index","follow":"follow","max-snippet":"max-snippet:-1","max-image-preview":"max-image-preview:large","max-video-preview":"max-video-preview:-1"},"canonical":"https:\/\/integrityicon.org\/es\/vota\/","og_locale":"es_ES","og_type":"article","og_title":"Vota | Integrity Icon","og_description":"Cast your vote for your favourite candidate in Integrity Icon, celebrating public servants who promote integrity, transparency, and positive change worldwide.","og_url":"https:\/\/integrityicon.org\/es\/vota\/","og_site_name":"Integrity Icon","article_modified_time":"2024-09-06T12:08:59+00:00","og_image":[{"width":1200,"height":630,"url":"https:\/\/integrityicon.org\/wp-content\/uploads\/2019\/09\/Untitled-design.png","type":"image\/png"}],"twitter_card":"summary_large_image","twitter_misc":{"Tiempo de lectura":"1 minuto"},"schema":{"@context":"https:\/\/schema.org","@graph":[{"@type":"WebPage","@id":"https:\/\/integrityicon.org\/vota\/","url":"https:\/\/integrityicon.org\/vota\/","name":"Vota | Integrity Icon","isPartOf":{"@id":"https:\/\/integrityicon.org\/#website"},"datePublished":"2019-12-04T08:42:41+00:00","dateModified":"2024-09-06T12:08:59+00:00","description":"Cast your vote for your favourite candidate in Integrity Icon, celebrating public servants who promote integrity, transparency, and positive change worldwide.","breadcrumb":{"@id":"https:\/\/integrityicon.org\/vota\/#breadcrumb"},"inLanguage":"es","potentialAction":[{"@type":"ReadAction","target":["https:\/\/integrityicon.org\/vota\/"]}]},{"@type":"BreadcrumbList","@id":"https:\/\/integrityicon.org\/vota\/#breadcrumb","itemListElement":[{"@type":"ListItem","position":1,"name":"Home","item":"https:\/\/integrityicon.org\/"},{"@type":"ListItem","position":2,"name":"Vota"}]},{"@type":"WebSite","@id":"https:\/\/integrityicon.org\/#website","url":"https:\/\/integrityicon.org\/","name":"Integrity Icon","description":"Integrity Icon","potentialAction":[{"@type":"SearchAction","target":{"@type":"EntryPoint","urlTemplate":"https:\/\/integrityicon.org\/?s={search_term_string}"},"query-input":{"@type":"PropertyValueSpecification","valueRequired":true,"valueName":"search_term_string"}}],"inLanguage":"es"}]}},"_links":{"self":[{"href":"https:\/\/integrityicon.org\/es\/wp-json\/wp\/v2\/pages\/1307","targetHints":{"allow":["GET"]}}],"collection":[{"href":"https:\/\/integrityicon.org\/es\/wp-json\/wp\/v2\/pages"}],"about":[{"href":"https:\/\/integrityicon.org\/es\/wp-json\/wp\/v2\/types\/page"}],"author":[{"embeddable":true,"href":"https:\/\/integrityicon.org\/es\/wp-json\/wp\/v2\/users\/19"}],"replies":[{"embeddable":true,"href":"https:\/\/integrityicon.org\/es\/wp-json\/wp\/v2\/comments?post=1307"}],"version-history":[{"count":2,"href":"https:\/\/integrityicon.org\/es\/wp-json\/wp\/v2\/pages\/1307\/revisions"}],"predecessor-version":[{"id":8076,"href":"https:\/\/integrityicon.org\/es\/wp-json\/wp\/v2\/pages\/1307\/revisions\/8076"}],"wp:attachment":[{"href":"https:\/\/integrityicon.org\/es\/wp-json\/wp\/v2\/media?parent=1307"}],"curies":[{"name":"wp","href":"https:\/\/api.w.org\/{rel}","templated":true}]}}